{"id":235,"date":"2025-02-17T15:41:18","date_gmt":"2025-02-17T14:41:18","guid":{"rendered":"https:\/\/thobaroo.jklanten.nl\/?page_id=235"},"modified":"2025-02-18T16:55:41","modified_gmt":"2025-02-18T15:55:41","slug":"privacy-policy","status":"publish","type":"page","link":"https:\/\/thobaroo.nl\/de\/privacy-policy\/","title":{"rendered":"Privacy Policy"},"content":{"rendered":"\t\t<div data-elementor-type=\"wp-page\" data-elementor-id=\"235\" class=\"elementor elementor-235 elementor-106\" data-elementor-post-type=\"page\">\n\t\t\t\t<div class=\"elementor-element elementor-element-60941ae e-con-full e-flex e-con e-parent\" data-id=\"60941ae\" data-element_type=\"container\" data-e-type=\"container\">\n\t\t<div class=\"elementor-element elementor-element-4027417 e-con-full e-flex e-con e-child\" data-id=\"4027417\" data-element_type=\"container\" data-e-type=\"container\">\n\t\t\t\t<div class=\"elementor-element elementor-element-01ff74b elementor-widget elementor-widget-heading\" data-id=\"01ff74b\" data-element_type=\"widget\" data-e-type=\"widget\" data-widget_type=\"heading.default\">\n\t\t\t\t<div class=\"elementor-widget-container\">\n\t\t\t\t\t<h1 class=\"elementor-heading-title elementor-size-default\">Privacy Policy<\/h1>\t\t\t\t<\/div>\n\t\t\t\t<\/div>\n\t\t\t\t<\/div>\n\t\t<div class=\"elementor-element elementor-element-833c701 e-con-full e-flex e-con e-child\" data-id=\"833c701\" data-element_type=\"container\" data-e-type=\"container\" data-settings=\"{&quot;background_background&quot;:&quot;classic&quot;}\">\n\t\t\t\t<div class=\"elementor-element elementor-element-7ca1aad elementor-widget elementor-widget-text-editor\" data-id=\"7ca1aad\" data-element_type=\"widget\" data-e-type=\"widget\" data-widget_type=\"text-editor.default\">\n\t\t\t\t<div class=\"elementor-widget-container\">\n\t\t\t\t\t\t\t\t\t<p>Thobaroo Investments B.V. (&#8222;wir,&#8220; &#8222;uns,&#8220; oder &#8222;unser&#8220;) setzt sich f\u00fcr den Schutz der Privatsph\u00e4re unserer Kunden, Investoren und Website-Besucher ein. Diese Datenschutzerkl\u00e4rung beschreibt, wie wir Ihre personenbezogenen Daten gem\u00e4\u00df der Datenschutz-Grundverordnung (DSGVO) und anderen geltenden Gesetzen erfassen, verwenden, offenlegen und sch\u00fctzen.<\/p><p><strong>Gegevens<\/strong><br \/>Wir erfassen keine personenbezogenen Daten, es sei denn, sie werden freiwillig \u00fcber unser Kontaktformular bereitgestellt. Wir k\u00f6nnen jedoch allgemeine technische Daten verarbeiten, wie in unserer Cookie-Richtlinie beschrieben. Die Kategorien von Daten, die wir verarbeiten k\u00f6nnen, sind:<\/p><ul><li>Identifikationsdaten: Name, E-Mail, Telefonnummer (nur wenn \u00fcber unser Kontaktformular bereitgestellt).<\/li><li>Technische Daten: IP-Adresse, Browsertyp, Ger\u00e4teinformationen und Cookies.<\/li><li>Kommunikationsdaten: Korrespondenz, Feedback und Interaktionen mit uns.<\/li><\/ul><p>Wir erfassen Daten auf folgende Weise:<\/p><ul><li>Wenn Sie freiwillig Informationen \u00fcber unser Kontaktformular bereitstellen.<\/li><li>Automatisch \u00fcber unsere Website mittels Cookies und Tracking-Technologien.<\/li><\/ul><p>Wir verwenden Ihre Daten f\u00fcr folgende Zwecke:<\/p><ul><li>Zur Beantwortung von Anfragen und zur Kommunikation mit Ihnen.<\/li><li>Zur Einhaltung gesetzlicher und regulatorischer Anforderungen.<\/li><li>Zur Verbesserung unserer Website und Dienstleistungen.<\/li><li>Zur Betrugspr\u00e4vention und Sicherstellung der Sicherheit.<\/li><\/ul><p>Wir verarbeiten personenbezogene Daten auf der Grundlage folgender Rechtsgrundlagen:<\/p><p>Unsere Website verwendet Cookies und \u00e4hnliche Technologien, um die Benutzererfahrung zu verbessern und den Website-Traffic zu analysieren. Sie k\u00f6nnen Ihre Cookie-Pr\u00e4ferenzen \u00fcber Ihre Browsereinstellungen verwalten. Weitere Details finden Sie in unserer Cookie-Richtlinie.<\/p><p>Wir k\u00f6nnen diese Datenschutzrichtlinie regelm\u00e4\u00dfig aktualisieren. \u00c4nderungen werden auf unserer Website mit einem aktualisierten Revisionsdatum ver\u00f6ffentlicht. Wir empfehlen Ihnen, diese Richtlinie regelm\u00e4\u00dfig zu \u00fcberpr\u00fcfen.<\/p><p>Rechtsgrundlagen f\u00fcr die Verarbeitung:<\/p><p>Berechtigtes Interesse: Zur Beantwortung von Anfragen und Verwaltung der Website-Aktivit\u00e4ten unter Wahrung der Datenschutzrechte.<\/p><p>Einhaltung gesetzlicher Verpflichtungen: Erf\u00fcllung von regulatorischen Anforderungen.<\/p><p>Einwilligung: Falls erforderlich, z. B. f\u00fcr Marketingkommunikation (Sie k\u00f6nnen Ihre Einwilligung jederzeit widerrufen).<\/p><p>Speicherung von personenbezogenen Daten<\/p><p>Wir bewahren personenbezogene Daten nur so lange auf, wie es f\u00fcr die in dieser Richtlinie beschriebenen Zwecke erforderlich ist oder wie es gesetzlich vorgeschrieben ist.<\/p><p>Ihre Rechte gem\u00e4\u00df der DSGVO:<\/p><p>Auskunftsrecht: Eine Kopie Ihrer Daten anfordern.<\/p><p>Berichtigungsrecht: Die Korrektur unrichtiger Daten beantragen.<\/p><p>L\u00f6schungsrecht: Die L\u00f6schung Ihrer Daten beantragen (vorbehaltlich gesetzlicher Einschr\u00e4nkungen).<\/p><p>Recht auf Einschr\u00e4nkung der Verarbeitung: Eine eingeschr\u00e4nkte Verarbeitung unter bestimmten Umst\u00e4nden beantragen.<\/p><p>Widerspruchsrecht: Widerspruch gegen die Verarbeitung auf Grundlage berechtigter Interessen einlegen.<\/p><p>Recht auf Daten\u00fcbertragbarkeit: Die \u00dcbertragung Ihrer Daten an einen anderen Dienstleister beantragen.<\/p><p>Um diese Rechte auszu\u00fcben, kontaktieren Sie uns bitte unter info@thobaroo.eu.<\/p><p>Wir implementieren angemessene Sicherheitsma\u00dfnahmen, um Ihre Daten vor unbefugtem<\/p><p>Zugriff, \u00c4nderung, Offenlegung oder Zerst\u00f6rung zu sch\u00fctzen. Kein System ist jedoch vollst\u00e4ndig sicher, und wir k\u00f6nnen keine absolute Sicherheit garantieren.<\/p><p>Kontakt<br \/>Wenn Sie Fragen oder Bedenken bez\u00fcglich dieser Datenschutzrichtlinie haben, wenden Sie sich bitte an uns:<\/p><p>Thobaroo Investments B.V.<br \/>Luchthavenweg 54, 5657EB, Eindhoven, Nederland<br \/>info@thobaroo.eu<br \/>+31 40 24 05 086<\/p><p>Durch die Nutzung unserer Website und unserer Dienste erkl\u00e4ren Sie sich mit den Bedingungen dieser Datenschutzrichtlinie einverstanden.<\/p>\t\t\t\t\t\t\t\t<\/div>\n\t\t\t\t<\/div>\n\t\t\t\t<\/div>\n\t\t\t\t<\/div>\n\t\t\t\t<\/div>\n\t\t","protected":false},"excerpt":{"rendered":"<p>Privacy Policy Thobaroo Investments B.V. (&#8222;wir,&#8220; &#8222;uns,&#8220; oder &#8222;unser&#8220;) setzt sich f\u00fcr den Schutz der Privatsph\u00e4re unserer Kunden, Investoren und Website-Besucher ein. Diese Datenschutzerkl\u00e4rung beschreibt, wie wir Ihre personenbezogenen Daten gem\u00e4\u00df der Datenschutz-Grundverordnung (DSGVO) und anderen geltenden Gesetzen erfassen, verwenden, offenlegen und sch\u00fctzen. GegevensWir erfassen keine personenbezogenen Daten, es sei denn, sie werden freiwillig \u00fcber [&hellip;]<\/p>\n","protected":false},"author":1,"featured_media":0,"parent":0,"menu_order":0,"comment_status":"closed","ping_status":"closed","template":"elementor_header_footer","meta":{"footnotes":""},"class_list":["post-235","page","type-page","status-publish","hentry"],"yoast_head":"<!-- This site is optimized with the Yoast SEO plugin v27.3 - https:\/\/yoast.com\/product\/yoast-seo-wordpress\/ -->\n<title>Privacy Policy - Thobaroo<\/title>\n<meta name=\"robots\" content=\"index, follow, max-snippet:-1, max-image-preview:large, max-video-preview:-1\" \/>\n<link rel=\"canonical\" href=\"https:\/\/thobaroo.nl\/de\/privacy-policy\/\" \/>\n<meta property=\"og:locale\" content=\"de_DE\" \/>\n<meta property=\"og:type\" content=\"article\" \/>\n<meta property=\"og:title\" content=\"Privacy Policy - Thobaroo\" \/>\n<meta property=\"og:description\" content=\"Privacy Policy Thobaroo Investments B.V. (&#8222;wir,&#8220; &#8222;uns,&#8220; oder &#8222;unser&#8220;) setzt sich f\u00fcr den Schutz der Privatsph\u00e4re unserer Kunden, Investoren und Website-Besucher ein. Diese Datenschutzerkl\u00e4rung beschreibt, wie wir Ihre personenbezogenen Daten gem\u00e4\u00df der Datenschutz-Grundverordnung (DSGVO) und anderen geltenden Gesetzen erfassen, verwenden, offenlegen und sch\u00fctzen. GegevensWir erfassen keine personenbezogenen Daten, es sei denn, sie werden freiwillig \u00fcber [&hellip;]\" \/>\n<meta property=\"og:url\" content=\"https:\/\/thobaroo.nl\/de\/privacy-policy\/\" \/>\n<meta property=\"og:site_name\" content=\"Thobaroo\" \/>\n<meta property=\"article:modified_time\" content=\"2025-02-18T15:55:41+00:00\" \/>\n<meta name=\"twitter:card\" content=\"summary_large_image\" \/>\n<meta name=\"twitter:label1\" content=\"Gesch\u00e4tzte Lesezeit\" \/>\n\t<meta name=\"twitter:data1\" content=\"3\u00a0Minuten\" \/>\n<script type=\"application\/ld+json\" class=\"yoast-schema-graph\">{\"@context\":\"https:\\\/\\\/schema.org\",\"@graph\":[{\"@type\":\"WebPage\",\"@id\":\"https:\\\/\\\/thobaroo.nl\\\/de\\\/privacy-policy\\\/\",\"url\":\"https:\\\/\\\/thobaroo.nl\\\/de\\\/privacy-policy\\\/\",\"name\":\"Privacy Policy - Thobaroo\",\"isPartOf\":{\"@id\":\"https:\\\/\\\/thobaroo.nl\\\/de\\\/#website\"},\"datePublished\":\"2025-02-17T14:41:18+00:00\",\"dateModified\":\"2025-02-18T15:55:41+00:00\",\"breadcrumb\":{\"@id\":\"https:\\\/\\\/thobaroo.nl\\\/de\\\/privacy-policy\\\/#breadcrumb\"},\"inLanguage\":\"de\",\"potentialAction\":[{\"@type\":\"ReadAction\",\"target\":[\"https:\\\/\\\/thobaroo.nl\\\/de\\\/privacy-policy\\\/\"]}]},{\"@type\":\"BreadcrumbList\",\"@id\":\"https:\\\/\\\/thobaroo.nl\\\/de\\\/privacy-policy\\\/#breadcrumb\",\"itemListElement\":[{\"@type\":\"ListItem\",\"position\":1,\"name\":\"Home\",\"item\":\"https:\\\/\\\/thobaroo.nl\\\/de\\\/\"},{\"@type\":\"ListItem\",\"position\":2,\"name\":\"Privacy Policy\"}]},{\"@type\":\"WebSite\",\"@id\":\"https:\\\/\\\/thobaroo.nl\\\/de\\\/#website\",\"url\":\"https:\\\/\\\/thobaroo.nl\\\/de\\\/\",\"name\":\"Thobaroo\",\"description\":\"\",\"potentialAction\":[{\"@type\":\"SearchAction\",\"target\":{\"@type\":\"EntryPoint\",\"urlTemplate\":\"https:\\\/\\\/thobaroo.nl\\\/de\\\/?s={search_term_string}\"},\"query-input\":{\"@type\":\"PropertyValueSpecification\",\"valueRequired\":true,\"valueName\":\"search_term_string\"}}],\"inLanguage\":\"de\"}]}<\/script>\n<!-- \/ Yoast SEO plugin. -->","yoast_head_json":{"title":"Privacy Policy - Thobaroo","robots":{"index":"index","follow":"follow","max-snippet":"max-snippet:-1","max-image-preview":"max-image-preview:large","max-video-preview":"max-video-preview:-1"},"canonical":"https:\/\/thobaroo.nl\/de\/privacy-policy\/","og_locale":"de_DE","og_type":"article","og_title":"Privacy Policy - Thobaroo","og_description":"Privacy Policy Thobaroo Investments B.V. (&#8222;wir,&#8220; &#8222;uns,&#8220; oder &#8222;unser&#8220;) setzt sich f\u00fcr den Schutz der Privatsph\u00e4re unserer Kunden, Investoren und Website-Besucher ein. Diese Datenschutzerkl\u00e4rung beschreibt, wie wir Ihre personenbezogenen Daten gem\u00e4\u00df der Datenschutz-Grundverordnung (DSGVO) und anderen geltenden Gesetzen erfassen, verwenden, offenlegen und sch\u00fctzen. GegevensWir erfassen keine personenbezogenen Daten, es sei denn, sie werden freiwillig \u00fcber [&hellip;]","og_url":"https:\/\/thobaroo.nl\/de\/privacy-policy\/","og_site_name":"Thobaroo","article_modified_time":"2025-02-18T15:55:41+00:00","twitter_card":"summary_large_image","twitter_misc":{"Gesch\u00e4tzte Lesezeit":"3\u00a0Minuten"},"schema":{"@context":"https:\/\/schema.org","@graph":[{"@type":"WebPage","@id":"https:\/\/thobaroo.nl\/de\/privacy-policy\/","url":"https:\/\/thobaroo.nl\/de\/privacy-policy\/","name":"Privacy Policy - Thobaroo","isPartOf":{"@id":"https:\/\/thobaroo.nl\/de\/#website"},"datePublished":"2025-02-17T14:41:18+00:00","dateModified":"2025-02-18T15:55:41+00:00","breadcrumb":{"@id":"https:\/\/thobaroo.nl\/de\/privacy-policy\/#breadcrumb"},"inLanguage":"de","potentialAction":[{"@type":"ReadAction","target":["https:\/\/thobaroo.nl\/de\/privacy-policy\/"]}]},{"@type":"BreadcrumbList","@id":"https:\/\/thobaroo.nl\/de\/privacy-policy\/#breadcrumb","itemListElement":[{"@type":"ListItem","position":1,"name":"Home","item":"https:\/\/thobaroo.nl\/de\/"},{"@type":"ListItem","position":2,"name":"Privacy Policy"}]},{"@type":"WebSite","@id":"https:\/\/thobaroo.nl\/de\/#website","url":"https:\/\/thobaroo.nl\/de\/","name":"Thobaroo","description":"","potentialAction":[{"@type":"SearchAction","target":{"@type":"EntryPoint","urlTemplate":"https:\/\/thobaroo.nl\/de\/?s={search_term_string}"},"query-input":{"@type":"PropertyValueSpecification","valueRequired":true,"valueName":"search_term_string"}}],"inLanguage":"de"}]}},"_links":{"self":[{"href":"https:\/\/thobaroo.nl\/de\/wp-json\/wp\/v2\/pages\/235","targetHints":{"allow":["GET"]}}],"collection":[{"href":"https:\/\/thobaroo.nl\/de\/wp-json\/wp\/v2\/pages"}],"about":[{"href":"https:\/\/thobaroo.nl\/de\/wp-json\/wp\/v2\/types\/page"}],"author":[{"embeddable":true,"href":"https:\/\/thobaroo.nl\/de\/wp-json\/wp\/v2\/users\/1"}],"replies":[{"embeddable":true,"href":"https:\/\/thobaroo.nl\/de\/wp-json\/wp\/v2\/comments?post=235"}],"version-history":[{"count":5,"href":"https:\/\/thobaroo.nl\/de\/wp-json\/wp\/v2\/pages\/235\/revisions"}],"predecessor-version":[{"id":264,"href":"https:\/\/thobaroo.nl\/de\/wp-json\/wp\/v2\/pages\/235\/revisions\/264"}],"wp:attachment":[{"href":"https:\/\/thobaroo.nl\/de\/wp-json\/wp\/v2\/media?parent=235"}],"curies":[{"name":"wp","href":"https:\/\/api.w.org\/{rel}","templated":true}]}}