{"id":227,"date":"2025-02-17T15:56:22","date_gmt":"2025-02-17T14:56:22","guid":{"rendered":"https:\/\/thobaroo.jklanten.nl\/?page_id=227"},"modified":"2025-02-18T16:58:45","modified_gmt":"2025-02-18T15:58:45","slug":"allgemeine-geschaeftsbedingungen","status":"publish","type":"page","link":"https:\/\/thobaroo.nl\/de\/allgemeine-geschaeftsbedingungen\/","title":{"rendered":"Allgemeine Gesch\u00e4ftsbedingungen"},"content":{"rendered":"\t\t<div data-elementor-type=\"wp-page\" data-elementor-id=\"227\" class=\"elementor elementor-227 elementor-122\" data-elementor-post-type=\"page\">\n\t\t\t\t<div class=\"elementor-element elementor-element-60941ae e-con-full e-flex e-con e-parent\" data-id=\"60941ae\" data-element_type=\"container\" data-e-type=\"container\">\n\t\t<div class=\"elementor-element elementor-element-4027417 e-con-full e-flex e-con e-child\" data-id=\"4027417\" data-element_type=\"container\" data-e-type=\"container\">\n\t\t\t\t<div class=\"elementor-element elementor-element-01ff74b elementor-widget elementor-widget-heading\" data-id=\"01ff74b\" data-element_type=\"widget\" data-e-type=\"widget\" data-widget_type=\"heading.default\">\n\t\t\t\t<div class=\"elementor-widget-container\">\n\t\t\t\t\t<h1 class=\"elementor-heading-title elementor-size-default\">Allgemeine Gesch\u00e4ftsbedingungen<\/h1>\t\t\t\t<\/div>\n\t\t\t\t<\/div>\n\t\t\t\t<\/div>\n\t\t<div class=\"elementor-element elementor-element-833c701 e-con-full e-flex e-con e-child\" data-id=\"833c701\" data-element_type=\"container\" data-e-type=\"container\" data-settings=\"{&quot;background_background&quot;:&quot;classic&quot;}\">\n\t\t\t\t<div class=\"elementor-element elementor-element-7ca1aad elementor-widget elementor-widget-text-editor\" data-id=\"7ca1aad\" data-element_type=\"widget\" data-e-type=\"widget\" data-widget_type=\"text-editor.default\">\n\t\t\t\t<div class=\"elementor-widget-container\">\n\t\t\t\t\t\t\t\t\t<p>Diese Allgemeinen Gesch\u00e4ftsbedingungen (\u201eBedingungen\u201c) gelten f\u00fcr die Nutzung der Website von Thobaroo Investments B.V. (\u201ewir\u201c, \u201euns\u201c, \u201eunser\u201c). Durch die Nutzung unserer Website erkl\u00e4ren Sie sich mit diesen Bedingungen einverstanden.<\/p><p><strong>Allgemein<\/strong><br \/>Alle Informationen auf dieser Website dienen ausschlie\u00dflich zu Informationszwecken. Wir bem\u00fchen uns um Genauigkeit, k\u00f6nnen jedoch nicht garantieren, dass alle Informationen jederzeit korrekt, vollst\u00e4ndig oder aktuell sind. Es k\u00f6nnen keine Rechte aus den auf dieser Website bereitgestellten Informationen abgeleitet werden.<\/p><p>Thobaroo Investments B.V. bietet ausschlie\u00dflich Investitionsm\u00f6glichkeiten mit einer Mindesteinlage von \u20ac100.000 an. Daher unterliegen wir nicht der Aufsicht der niederl\u00e4ndischen Finanzmarktaufsichtsbeh\u00f6rde (AFM) gem\u00e4\u00df der Ausnahmeregelung in Artikel 1:5 Absatz 1 des niederl\u00e4ndischen Finanzaufsichtsgesetzes (Wft).<\/p><p>Wir bieten keine Finanzberatung an. Potenzielle Investoren sollten selbst recherchieren und professionelle Beratung einholen, bevor sie investieren.<\/p><p>Wir haften nicht f\u00fcr direkte oder indirekte Sch\u00e4den, die aus der Nutzung unserer Website entstehen, einschlie\u00dflich Fehler oder Auslassungen in den bereitgestellten Informationen.<\/p><p>Alle Inhalte auf dieser Website, einschlie\u00dflich Texte, Bilder und Logos, sind Eigentum von Thobaroo Investments B.V. und d\u00fcrfen nicht ohne Genehmigung kopiert oder verbreitet werden.<\/p><p>Wir k\u00f6nnen diese Bedingungen jederzeit aktualisieren. \u00c4nderungen werden auf der Website ver\u00f6ffentlicht.<\/p><p>F\u00fcr Fragen zu diesen Bedingungen kontaktieren Sie uns bitte unter info@thobaroo.eu.<\/p>\t\t\t\t\t\t\t\t<\/div>\n\t\t\t\t<\/div>\n\t\t\t\t<\/div>\n\t\t\t\t<\/div>\n\t\t\t\t<\/div>\n\t\t","protected":false},"excerpt":{"rendered":"<p>Allgemeine Gesch\u00e4ftsbedingungen Diese Allgemeinen Gesch\u00e4ftsbedingungen (\u201eBedingungen\u201c) gelten f\u00fcr die Nutzung der Website von Thobaroo Investments B.V. (\u201ewir\u201c, \u201euns\u201c, \u201eunser\u201c). Durch die Nutzung unserer Website erkl\u00e4ren Sie sich mit diesen Bedingungen einverstanden. AllgemeinAlle Informationen auf dieser Website dienen ausschlie\u00dflich zu Informationszwecken. Wir bem\u00fchen uns um Genauigkeit, k\u00f6nnen jedoch nicht garantieren, dass alle Informationen jederzeit korrekt, vollst\u00e4ndig [&hellip;]<\/p>\n","protected":false},"author":1,"featured_media":0,"parent":0,"menu_order":0,"comment_status":"closed","ping_status":"closed","template":"elementor_header_footer","meta":{"footnotes":""},"class_list":["post-227","page","type-page","status-publish","hentry"],"yoast_head":"<!-- This site is optimized with the Yoast SEO plugin v27.3 - https:\/\/yoast.com\/product\/yoast-seo-wordpress\/ -->\n<title>Allgemeine Gesch\u00e4ftsbedingungen - Thobaroo<\/title>\n<meta name=\"robots\" content=\"index, follow, max-snippet:-1, max-image-preview:large, max-video-preview:-1\" \/>\n<link rel=\"canonical\" href=\"https:\/\/thobaroo.nl\/de\/allgemeine-geschaeftsbedingungen\/\" \/>\n<meta property=\"og:locale\" content=\"de_DE\" \/>\n<meta property=\"og:type\" content=\"article\" \/>\n<meta property=\"og:title\" content=\"Allgemeine Gesch\u00e4ftsbedingungen - Thobaroo\" \/>\n<meta property=\"og:description\" content=\"Allgemeine Gesch\u00e4ftsbedingungen Diese Allgemeinen Gesch\u00e4ftsbedingungen (\u201eBedingungen\u201c) gelten f\u00fcr die Nutzung der Website von Thobaroo Investments B.V. (\u201ewir\u201c, \u201euns\u201c, \u201eunser\u201c). Durch die Nutzung unserer Website erkl\u00e4ren Sie sich mit diesen Bedingungen einverstanden. AllgemeinAlle Informationen auf dieser Website dienen ausschlie\u00dflich zu Informationszwecken. Wir bem\u00fchen uns um Genauigkeit, k\u00f6nnen jedoch nicht garantieren, dass alle Informationen jederzeit korrekt, vollst\u00e4ndig [&hellip;]\" \/>\n<meta property=\"og:url\" content=\"https:\/\/thobaroo.nl\/de\/allgemeine-geschaeftsbedingungen\/\" \/>\n<meta property=\"og:site_name\" content=\"Thobaroo\" \/>\n<meta property=\"article:modified_time\" content=\"2025-02-18T15:58:45+00:00\" \/>\n<meta name=\"twitter:card\" content=\"summary_large_image\" \/>\n<meta name=\"twitter:label1\" content=\"Gesch\u00e4tzte Lesezeit\" \/>\n\t<meta name=\"twitter:data1\" content=\"2\u00a0Minuten\" \/>\n<script type=\"application\/ld+json\" class=\"yoast-schema-graph\">{\"@context\":\"https:\\\/\\\/schema.org\",\"@graph\":[{\"@type\":\"WebPage\",\"@id\":\"https:\\\/\\\/thobaroo.nl\\\/de\\\/allgemeine-geschaeftsbedingungen\\\/\",\"url\":\"https:\\\/\\\/thobaroo.nl\\\/de\\\/allgemeine-geschaeftsbedingungen\\\/\",\"name\":\"Allgemeine Gesch\u00e4ftsbedingungen - Thobaroo\",\"isPartOf\":{\"@id\":\"https:\\\/\\\/thobaroo.nl\\\/de\\\/#website\"},\"datePublished\":\"2025-02-17T14:56:22+00:00\",\"dateModified\":\"2025-02-18T15:58:45+00:00\",\"breadcrumb\":{\"@id\":\"https:\\\/\\\/thobaroo.nl\\\/de\\\/allgemeine-geschaeftsbedingungen\\\/#breadcrumb\"},\"inLanguage\":\"de\",\"potentialAction\":[{\"@type\":\"ReadAction\",\"target\":[\"https:\\\/\\\/thobaroo.nl\\\/de\\\/allgemeine-geschaeftsbedingungen\\\/\"]}]},{\"@type\":\"BreadcrumbList\",\"@id\":\"https:\\\/\\\/thobaroo.nl\\\/de\\\/allgemeine-geschaeftsbedingungen\\\/#breadcrumb\",\"itemListElement\":[{\"@type\":\"ListItem\",\"position\":1,\"name\":\"Home\",\"item\":\"https:\\\/\\\/thobaroo.nl\\\/de\\\/\"},{\"@type\":\"ListItem\",\"position\":2,\"name\":\"Allgemeine Gesch\u00e4ftsbedingungen\"}]},{\"@type\":\"WebSite\",\"@id\":\"https:\\\/\\\/thobaroo.nl\\\/de\\\/#website\",\"url\":\"https:\\\/\\\/thobaroo.nl\\\/de\\\/\",\"name\":\"Thobaroo\",\"description\":\"\",\"potentialAction\":[{\"@type\":\"SearchAction\",\"target\":{\"@type\":\"EntryPoint\",\"urlTemplate\":\"https:\\\/\\\/thobaroo.nl\\\/de\\\/?s={search_term_string}\"},\"query-input\":{\"@type\":\"PropertyValueSpecification\",\"valueRequired\":true,\"valueName\":\"search_term_string\"}}],\"inLanguage\":\"de\"}]}<\/script>\n<!-- \/ Yoast SEO plugin. -->","yoast_head_json":{"title":"Allgemeine Gesch\u00e4ftsbedingungen - Thobaroo","robots":{"index":"index","follow":"follow","max-snippet":"max-snippet:-1","max-image-preview":"max-image-preview:large","max-video-preview":"max-video-preview:-1"},"canonical":"https:\/\/thobaroo.nl\/de\/allgemeine-geschaeftsbedingungen\/","og_locale":"de_DE","og_type":"article","og_title":"Allgemeine Gesch\u00e4ftsbedingungen - Thobaroo","og_description":"Allgemeine Gesch\u00e4ftsbedingungen Diese Allgemeinen Gesch\u00e4ftsbedingungen (\u201eBedingungen\u201c) gelten f\u00fcr die Nutzung der Website von Thobaroo Investments B.V. (\u201ewir\u201c, \u201euns\u201c, \u201eunser\u201c). Durch die Nutzung unserer Website erkl\u00e4ren Sie sich mit diesen Bedingungen einverstanden. AllgemeinAlle Informationen auf dieser Website dienen ausschlie\u00dflich zu Informationszwecken. Wir bem\u00fchen uns um Genauigkeit, k\u00f6nnen jedoch nicht garantieren, dass alle Informationen jederzeit korrekt, vollst\u00e4ndig [&hellip;]","og_url":"https:\/\/thobaroo.nl\/de\/allgemeine-geschaeftsbedingungen\/","og_site_name":"Thobaroo","article_modified_time":"2025-02-18T15:58:45+00:00","twitter_card":"summary_large_image","twitter_misc":{"Gesch\u00e4tzte Lesezeit":"2\u00a0Minuten"},"schema":{"@context":"https:\/\/schema.org","@graph":[{"@type":"WebPage","@id":"https:\/\/thobaroo.nl\/de\/allgemeine-geschaeftsbedingungen\/","url":"https:\/\/thobaroo.nl\/de\/allgemeine-geschaeftsbedingungen\/","name":"Allgemeine Gesch\u00e4ftsbedingungen - Thobaroo","isPartOf":{"@id":"https:\/\/thobaroo.nl\/de\/#website"},"datePublished":"2025-02-17T14:56:22+00:00","dateModified":"2025-02-18T15:58:45+00:00","breadcrumb":{"@id":"https:\/\/thobaroo.nl\/de\/allgemeine-geschaeftsbedingungen\/#breadcrumb"},"inLanguage":"de","potentialAction":[{"@type":"ReadAction","target":["https:\/\/thobaroo.nl\/de\/allgemeine-geschaeftsbedingungen\/"]}]},{"@type":"BreadcrumbList","@id":"https:\/\/thobaroo.nl\/de\/allgemeine-geschaeftsbedingungen\/#breadcrumb","itemListElement":[{"@type":"ListItem","position":1,"name":"Home","item":"https:\/\/thobaroo.nl\/de\/"},{"@type":"ListItem","position":2,"name":"Allgemeine Gesch\u00e4ftsbedingungen"}]},{"@type":"WebSite","@id":"https:\/\/thobaroo.nl\/de\/#website","url":"https:\/\/thobaroo.nl\/de\/","name":"Thobaroo","description":"","potentialAction":[{"@type":"SearchAction","target":{"@type":"EntryPoint","urlTemplate":"https:\/\/thobaroo.nl\/de\/?s={search_term_string}"},"query-input":{"@type":"PropertyValueSpecification","valueRequired":true,"valueName":"search_term_string"}}],"inLanguage":"de"}]}},"_links":{"self":[{"href":"https:\/\/thobaroo.nl\/de\/wp-json\/wp\/v2\/pages\/227","targetHints":{"allow":["GET"]}}],"collection":[{"href":"https:\/\/thobaroo.nl\/de\/wp-json\/wp\/v2\/pages"}],"about":[{"href":"https:\/\/thobaroo.nl\/de\/wp-json\/wp\/v2\/types\/page"}],"author":[{"embeddable":true,"href":"https:\/\/thobaroo.nl\/de\/wp-json\/wp\/v2\/users\/1"}],"replies":[{"embeddable":true,"href":"https:\/\/thobaroo.nl\/de\/wp-json\/wp\/v2\/comments?post=227"}],"version-history":[{"count":5,"href":"https:\/\/thobaroo.nl\/de\/wp-json\/wp\/v2\/pages\/227\/revisions"}],"predecessor-version":[{"id":273,"href":"https:\/\/thobaroo.nl\/de\/wp-json\/wp\/v2\/pages\/227\/revisions\/273"}],"wp:attachment":[{"href":"https:\/\/thobaroo.nl\/de\/wp-json\/wp\/v2\/media?parent=227"}],"curies":[{"name":"wp","href":"https:\/\/api.w.org\/{rel}","templated":true}]}}